{"id":6668,"date":"2021-05-02T22:41:42","date_gmt":"2021-05-02T22:41:42","guid":{"rendered":"https:\/\/teste.imagehost.com.br\/dps\/?page_id=6668"},"modified":"2021-07-14T00:35:52","modified_gmt":"2021-07-13T22:35:52","slug":"daniel-guimaraes","status":"publish","type":"page","link":"https:\/\/teste.imagehost.com.br\/dps\/daniel-guimaraes\/","title":{"rendered":"Daniel Guimar\u00e3es"},"content":{"rendered":"\t\t<div data-elementor-type=\"wp-page\" data-elementor-id=\"6668\" class=\"elementor elementor-6668\">\n\t\t\t\t\t\t<section class=\"elementor-section elementor-top-section elementor-element elementor-element-12242248 elementor-section-boxed elementor-section-height-default elementor-section-height-default\" data-id=\"12242248\" data-element_type=\"section\">\n\t\t\t\t\t\t<div class=\"elementor-container elementor-column-gap-default\">\n\t\t\t\t\t<div class=\"elementor-column elementor-col-100 elementor-top-column elementor-element elementor-element-1f4a0f66\" data-id=\"1f4a0f66\" data-element_type=\"column\">\n\t\t\t<div class=\"elementor-widget-wrap elementor-element-populated\">\n\t\t\t\t\t\t<section class=\"elementor-section elementor-inner-section elementor-element elementor-element-dcafa84 elementor-section-boxed elementor-section-height-default elementor-section-height-default\" data-id=\"dcafa84\" data-element_type=\"section\">\n\t\t\t\t\t\t<div class=\"elementor-container elementor-column-gap-default\">\n\t\t\t\t\t<div class=\"elementor-column elementor-col-33 elementor-inner-column elementor-element elementor-element-16bb6a1b\" data-id=\"16bb6a1b\" data-element_type=\"column\">\n\t\t\t<div class=\"elementor-widget-wrap elementor-element-populated\">\n\t\t\t\t\t\t<div class=\"elementor-element elementor-element-51aa19cf elementor-hidden-desktop elementor-hidden-phone elementor-widget elementor-widget-image\" data-id=\"51aa19cf\" data-element_type=\"widget\" data-widget_type=\"image.default\">\n\t\t\t\t<div class=\"elementor-widget-container\">\n\t\t\t\t\t\t\t\t\t\t\t\t\t\t<a href=\"https:\/\/teste.imagehost.com.br\/dps\/\">\n\t\t\t\t\t\t\t<img decoding=\"async\" width=\"200\" height=\"80\" src=\"https:\/\/teste.imagehost.com.br\/dps\/wp-content\/uploads\/2021\/04\/logo-DPS-paginas-preto.png\" class=\"attachment-large size-large wp-image-3475\" alt=\"\" \/>\t\t\t\t\t\t\t\t<\/a>\n\t\t\t\t\t\t\t\t\t\t\t\t\t<\/div>\n\t\t\t\t<\/div>\n\t\t\t\t<div class=\"elementor-element elementor-element-142387e1 elementor-widget elementor-widget-spacer\" data-id=\"142387e1\" data-element_type=\"widget\" data-widget_type=\"spacer.default\">\n\t\t\t\t<div class=\"elementor-widget-container\">\n\t\t\t\t\t<div class=\"elementor-spacer\">\n\t\t\t<div class=\"elementor-spacer-inner\"><\/div>\n\t\t<\/div>\n\t\t\t\t<\/div>\n\t\t\t\t<\/div>\n\t\t\t\t<div class=\"elementor-element elementor-element-73b525b2 elementor-widget elementor-widget-heading\" data-id=\"73b525b2\" data-element_type=\"widget\" data-widget_type=\"heading.default\">\n\t\t\t\t<div class=\"elementor-widget-container\">\n\t\t\t<h2 class=\"elementor-heading-title elementor-size-default\">Daniel Guimar\u00e3es<\/h2>\t\t<\/div>\n\t\t\t\t<\/div>\n\t\t\t\t<div class=\"elementor-element elementor-element-771f2a81 elementor-widget elementor-widget-spacer\" data-id=\"771f2a81\" data-element_type=\"widget\" data-widget_type=\"spacer.default\">\n\t\t\t\t<div class=\"elementor-widget-container\">\n\t\t\t\t\t<div class=\"elementor-spacer\">\n\t\t\t<div class=\"elementor-spacer-inner\"><\/div>\n\t\t<\/div>\n\t\t\t\t<\/div>\n\t\t\t\t<\/div>\n\t\t\t\t\t<\/div>\n\t\t<\/div>\n\t\t\t\t<div class=\"elementor-column elementor-col-33 elementor-inner-column elementor-element elementor-element-33434a4a elementor-hidden-tablet elementor-hidden-phone\" data-id=\"33434a4a\" data-element_type=\"column\">\n\t\t\t<div class=\"elementor-widget-wrap elementor-element-populated\">\n\t\t\t\t\t\t<div class=\"elementor-element elementor-element-6dabfdcc elementor-widget elementor-widget-spacer\" data-id=\"6dabfdcc\" data-element_type=\"widget\" data-widget_type=\"spacer.default\">\n\t\t\t\t<div class=\"elementor-widget-container\">\n\t\t\t\t\t<div class=\"elementor-spacer\">\n\t\t\t<div class=\"elementor-spacer-inner\"><\/div>\n\t\t<\/div>\n\t\t\t\t<\/div>\n\t\t\t\t<\/div>\n\t\t\t\t<div class=\"elementor-element elementor-element-3777b455 elementor-widget elementor-widget-ekit-nav-menu\" data-id=\"3777b455\" data-element_type=\"widget\" data-widget_type=\"ekit-nav-menu.default\">\n\t\t\t\t<div class=\"elementor-widget-container\">\n\t\t\t<div class=\"ekit-wid-con ekit_menu_responsive_tablet\" data-hamburger-icon=\"\" data-hamburger-icon-type=\"icon\" data-responsive-breakpoint=\"1024\">            <button class=\"elementskit-menu-hamburger elementskit-menu-toggler\"  type=\"button\" aria-label=\"hamburger-icon\">\n                                    <span class=\"elementskit-menu-hamburger-icon\"><\/span><span class=\"elementskit-menu-hamburger-icon\"><\/span><span class=\"elementskit-menu-hamburger-icon\"><\/span>\n                            <\/button>\n            <div id=\"ekit-megamenu-dps-desktop\" class=\"elementskit-menu-container elementskit-menu-offcanvas-elements elementskit-navbar-nav-default ekit-nav-menu-one-page-no ekit-nav-dropdown-hover\"><ul id=\"menu-dps-desktop\" class=\"elementskit-navbar-nav elementskit-menu-po-center submenu-click-on-icon\"><li id=\"menu-item-3485\" class=\"menu-item menu-item-type-post_type menu-item-object-page menu-item-home menu-item-3485 nav-item elementskit-mobile-builder-content\" data-vertical-menu=750px><a href=\"https:\/\/teste.imagehost.com.br\/dps\/\" class=\"ekit-menu-nav-link\">HOME<\/a><\/li>\n<li id=\"menu-item-3493\" class=\"menu-item menu-item-type-custom menu-item-object-custom menu-item-has-children menu-item-3493 nav-item elementskit-dropdown-has relative_position elementskit-dropdown-menu-default_width elementskit-mobile-builder-content\" data-vertical-menu=750px><a class=\"ekit-menu-nav-link ekit-menu-dropdown-toggle\">INSTITUCIONAL<i aria-hidden=\"true\" class=\"icon icon-down-arrow1 elementskit-submenu-indicator\"><\/i><\/a>\n<ul class=\"elementskit-dropdown elementskit-submenu-panel\">\n\t<li id=\"menu-item-4350\" class=\"menu-item menu-item-type-post_type menu-item-object-page menu-item-4350 nav-item elementskit-mobile-builder-content\" data-vertical-menu=750px><a href=\"https:\/\/teste.imagehost.com.br\/dps\/missao\/\" class=\" dropdown-item\">MISS\u00c3O<\/a>\t<li id=\"menu-item-3488\" class=\"menu-item menu-item-type-post_type menu-item-object-page menu-item-3488 nav-item elementskit-mobile-builder-content\" data-vertical-menu=750px><a href=\"https:\/\/teste.imagehost.com.br\/dps\/pergunte-a-dps\/\" class=\" dropdown-item\">PERGUNTE A DPS<\/a>\t<li id=\"menu-item-6363\" class=\"menu-item menu-item-type-post_type menu-item-object-page menu-item-6363 nav-item elementskit-mobile-builder-content\" data-vertical-menu=750px><a href=\"https:\/\/teste.imagehost.com.br\/dps\/equipe-dps\/\" class=\" dropdown-item\">EQUIPE DPS<\/a><\/ul>\n<\/li>\n<li id=\"menu-item-3492\" class=\"menu-item menu-item-type-custom menu-item-object-custom menu-item-has-children menu-item-3492 nav-item elementskit-dropdown-has relative_position elementskit-dropdown-menu-default_width elementskit-mobile-builder-content\" data-vertical-menu=750px><a class=\"ekit-menu-nav-link ekit-menu-dropdown-toggle\">ME AJUDE COM<i aria-hidden=\"true\" class=\"icon icon-down-arrow1 elementskit-submenu-indicator\"><\/i><\/a>\n<ul class=\"elementskit-dropdown elementskit-submenu-panel\">\n\t<li id=\"menu-item-6271\" class=\"menu-item menu-item-type-post_type menu-item-object-page menu-item-6271 nav-item elementskit-mobile-builder-content\" data-vertical-menu=750px><a href=\"https:\/\/teste.imagehost.com.br\/dps\/bem-vindo-ao-localizador-de-solucoes\/\" class=\" dropdown-item\">ME GUIE!<\/a>\t<li id=\"menu-item-3491\" class=\"menu-item menu-item-type-post_type menu-item-object-page menu-item-3491 nav-item elementskit-mobile-builder-content\" data-vertical-menu=750px><a href=\"https:\/\/teste.imagehost.com.br\/dps\/meu-negocio\/\" class=\" dropdown-item\">MEU NEG\u00d3CIO<\/a>\t<li id=\"menu-item-5815\" class=\"menu-item menu-item-type-post_type menu-item-object-page menu-item-5815 nav-item elementskit-mobile-builder-content\" data-vertical-menu=750px><a href=\"https:\/\/teste.imagehost.com.br\/dps\/minha-vida\/\" class=\" dropdown-item\">MINHA VIDA<\/a><\/ul>\n<\/li>\n<li id=\"menu-item-3494\" class=\"menu-item menu-item-type-custom menu-item-object-custom menu-item-has-children menu-item-3494 nav-item elementskit-dropdown-has relative_position elementskit-dropdown-menu-default_width elementskit-mobile-builder-content\" data-vertical-menu=750px><a class=\"ekit-menu-nav-link ekit-menu-dropdown-toggle\">MAIS<i aria-hidden=\"true\" class=\"icon icon-down-arrow1 elementskit-submenu-indicator\"><\/i><\/a>\n<ul class=\"elementskit-dropdown elementskit-submenu-panel\">\n\t<li id=\"menu-item-6666\" class=\"menu-item menu-item-type-post_type menu-item-object-page menu-item-6666 nav-item elementskit-mobile-builder-content\" data-vertical-menu=750px><a href=\"https:\/\/teste.imagehost.com.br\/dps\/blog\/\" class=\" dropdown-item\">BLOG<\/a>\t<li id=\"menu-item-4176\" class=\"menu-item menu-item-type-post_type menu-item-object-page menu-item-4176 nav-item elementskit-mobile-builder-content\" data-vertical-menu=750px><a href=\"https:\/\/teste.imagehost.com.br\/dps\/agendamento\/\" class=\" dropdown-item\">AGENDAMENTO<\/a>\t<li id=\"menu-item-4457\" class=\"menu-item menu-item-type-post_type menu-item-object-page menu-item-4457 nav-item elementskit-mobile-builder-content\" data-vertical-menu=750px><a href=\"https:\/\/teste.imagehost.com.br\/dps\/quizz\/\" class=\" dropdown-item\">TESTES<\/a>\t<li id=\"menu-item-4334\" class=\"menu-item menu-item-type-post_type menu-item-object-page menu-item-4334 nav-item elementskit-mobile-builder-content\" data-vertical-menu=750px><a href=\"https:\/\/teste.imagehost.com.br\/dps\/recursos\/\" class=\" dropdown-item\">RECURSOS<\/a>\t<li id=\"menu-item-3486\" class=\"menu-item menu-item-type-post_type menu-item-object-page menu-item-3486 nav-item elementskit-mobile-builder-content\" data-vertical-menu=750px><a href=\"https:\/\/teste.imagehost.com.br\/dps\/avaliacoes\/\" class=\" dropdown-item\">AVALIA\u00c7\u00d5ES<\/a><\/ul>\n<\/li>\n<\/ul><div class=\"elementskit-nav-identity-panel\">\n\t\t\t\t<div class=\"elementskit-site-title\">\n\t\t\t\t\t<a class=\"elementskit-nav-logo\" href=\"https:\/\/teste.imagehost.com.br\/dps\" target=\"_self\" rel=\"\">\n\t\t\t\t\t\t<img decoding=\"async\" src=\"\" title=\"\" alt=\"\" \/>\n\t\t\t\t\t<\/a> \n\t\t\t\t<\/div><button class=\"elementskit-menu-close elementskit-menu-toggler\" type=\"button\">X<\/button><\/div><\/div>\t\t\t\n\t\t\t<div class=\"elementskit-menu-overlay elementskit-menu-offcanvas-elements elementskit-menu-toggler ekit-nav-menu--overlay\"><\/div><\/div>\t\t<\/div>\n\t\t\t\t<\/div>\n\t\t\t\t\t<\/div>\n\t\t<\/div>\n\t\t\t\t<div class=\"elementor-column elementor-col-33 elementor-inner-column elementor-element elementor-element-50ac495f\" data-id=\"50ac495f\" data-element_type=\"column\">\n\t\t\t<div class=\"elementor-widget-wrap elementor-element-populated\">\n\t\t\t\t\t\t<div class=\"elementor-element elementor-element-20d912dd elementor-widget elementor-widget-spacer\" data-id=\"20d912dd\" data-element_type=\"widget\" data-widget_type=\"spacer.default\">\n\t\t\t\t<div class=\"elementor-widget-container\">\n\t\t\t\t\t<div class=\"elementor-spacer\">\n\t\t\t<div class=\"elementor-spacer-inner\"><\/div>\n\t\t<\/div>\n\t\t\t\t<\/div>\n\t\t\t\t<\/div>\n\t\t\t\t<div class=\"elementor-element elementor-element-3dc4b144 elementor-widget elementor-widget-elementskit-social-media\" data-id=\"3dc4b144\" data-element_type=\"widget\" data-widget_type=\"elementskit-social-media.default\">\n\t\t\t\t<div class=\"elementor-widget-container\">\n\t\t\t<div class=\"ekit-wid-con\" >\t\t\t <ul class=\"ekit_social_media\">\n\t\t\t\t\t\t\t\t\t\t\t\t\t\t<li class=\"elementor-repeater-item-a43a55f\">\n\t\t\t\t\t    <a\n\t\t\t\t\t\thref=\"https:\/\/www.facebook.com\/groups\/1196031477428645\/permalink\/1231016823930110\/\" aria-label=\"facebook\" class=\"f\" >\n\t\t\t\t\t\t\t\t\t\t\t\t\t\t\n\t\t\t\t\t\t\t<i aria-hidden=\"true\" class=\"fab fa-facebook-f\"><\/i>\t\t\t\t\t\t\t\t\t\n                                                                                                            <\/a>\n                    <\/li>\n                    \t\t\t\t\t\t\t\t\t\t\t\t\t\t<li class=\"elementor-repeater-item-fe28131\">\n\t\t\t\t\t    <a\n\t\t\t\t\t\thref=\"https:\/\/www.linkedin.com\/company\/dps-global-performance\" target=\"_blank\" aria-label=\"youtube\" class=\"in\" >\n\t\t\t\t\t\t\t\t\t\t\t\t\t\t\n\t\t\t\t\t\t\t<i aria-hidden=\"true\" class=\"fab fa-linkedin-in\"><\/i>\t\t\t\t\t\t\t\t\t\n                                                                                                            <\/a>\n                    <\/li>\n                    \t\t\t\t\t\t\t\t\t\t\t\t\t\t<li class=\"elementor-repeater-item-265e56a\">\n\t\t\t\t\t    <a\n\t\t\t\t\t\thref=\"https:\/\/instagram.com\/dpslifebusiness\" target=\"_blank\" aria-label=\"Instagram\" class=\"instagram\" >\n\t\t\t\t\t\t\t\t\t\t\t\t\t\t\n\t\t\t\t\t\t\t<i aria-hidden=\"true\" class=\"fab fa-instagram\"><\/i>\t\t\t\t\t\t\t\t\t\n                                                                                                            <\/a>\n                    <\/li>\n                    \t\t\t\t\t\t\t<\/ul>\n\t\t<\/div>\t\t<\/div>\n\t\t\t\t<\/div>\n\t\t\t\t\t<\/div>\n\t\t<\/div>\n\t\t\t\t\t<\/div>\n\t\t<\/section>\n\t\t\t\t\t<\/div>\n\t\t<\/div>\n\t\t\t\t\t<\/div>\n\t\t<\/section>\n\t\t\t\t<section class=\"elementor-section elementor-top-section elementor-element elementor-element-53e8d41d elementor-section-boxed elementor-section-height-default elementor-section-height-default\" data-id=\"53e8d41d\" data-element_type=\"section\">\n\t\t\t\t\t\t<div class=\"elementor-container elementor-column-gap-default\">\n\t\t\t\t\t<div class=\"elementor-column elementor-col-100 elementor-top-column elementor-element elementor-element-3c00c781\" data-id=\"3c00c781\" data-element_type=\"column\">\n\t\t\t<div class=\"elementor-widget-wrap elementor-element-populated\">\n\t\t\t\t\t\t<div class=\"elementor-element elementor-element-4474945c elementor-widget-divider--view-line elementor-widget elementor-widget-divider\" data-id=\"4474945c\" data-element_type=\"widget\" data-widget_type=\"divider.default\">\n\t\t\t\t<div class=\"elementor-widget-container\">\n\t\t\t\t\t<div class=\"elementor-divider\">\n\t\t\t<span class=\"elementor-divider-separator\">\n\t\t\t\t\t\t<\/span>\n\t\t<\/div>\n\t\t\t\t<\/div>\n\t\t\t\t<\/div>\n\t\t\t\t\t<\/div>\n\t\t<\/div>\n\t\t\t\t\t<\/div>\n\t\t<\/section>\n\t\t\t\t<section class=\"elementor-section elementor-top-section elementor-element elementor-element-6650c604 elementor-section-boxed elementor-section-height-default elementor-section-height-default\" data-id=\"6650c604\" data-element_type=\"section\">\n\t\t\t\t\t\t<div class=\"elementor-container elementor-column-gap-default\">\n\t\t\t\t\t<div class=\"elementor-column elementor-col-33 elementor-top-column elementor-element elementor-element-d6c0599\" data-id=\"d6c0599\" data-element_type=\"column\">\n\t\t\t<div class=\"elementor-widget-wrap elementor-element-populated\">\n\t\t\t\t\t\t<div class=\"elementor-element elementor-element-4daba84e elementor-widget elementor-widget-heading\" data-id=\"4daba84e\" data-element_type=\"widget\" data-widget_type=\"heading.default\">\n\t\t\t\t<div class=\"elementor-widget-container\">\n\t\t\t<h2 class=\"elementor-heading-title elementor-size-default\">Daniel Guimar\u00e3es<\/h2>\t\t<\/div>\n\t\t\t\t<\/div>\n\t\t\t\t<div class=\"elementor-element elementor-element-131609b8 elementor-widget elementor-widget-text-editor\" data-id=\"131609b8\" data-element_type=\"widget\" data-widget_type=\"text-editor.default\">\n\t\t\t\t<div class=\"elementor-widget-container\">\n\t\t\t\t\t\t\t<p>Empreendedor focado em Neg\u00f3cios Digital<\/p>\t\t\t\t\t\t<\/div>\n\t\t\t\t<\/div>\n\t\t\t\t<div class=\"elementor-element elementor-element-5771f6aa elementor-widget elementor-widget-image\" data-id=\"5771f6aa\" data-element_type=\"widget\" data-widget_type=\"image.default\">\n\t\t\t\t<div class=\"elementor-widget-container\">\n\t\t\t\t\t\t\t\t\t\t\t\t\t<img fetchpriority=\"high\" decoding=\"async\" width=\"350\" height=\"360\" src=\"https:\/\/teste.imagehost.com.br\/dps\/wp-content\/uploads\/2021\/05\/Daniel-Guimaraes.jpg\" class=\"attachment-large size-large wp-image-6674\" alt=\"\" \/>\t\t\t\t\t\t\t\t\t\t\t\t\t<\/div>\n\t\t\t\t<\/div>\n\t\t\t\t<div class=\"elementor-element elementor-element-6b98361c elementor-hidden-tablet elementor-hidden-phone elementor-widget elementor-widget-elementskit-header-info\" data-id=\"6b98361c\" data-element_type=\"widget\" data-widget_type=\"elementskit-header-info.default\">\n\t\t\t\t<div class=\"elementor-widget-container\">\n\t\t\t<div class=\"ekit-wid-con\" >        <ul class=\"ekit-header-info\">\n                                    <li>\n                            <a > \n                                <i aria-hidden=\"true\" class=\"icon icon-email\"><\/i>                                contact@teste.imagehost.com.br                            <\/a>\n                        <\/li>\n\n                            <\/ul>\n        <\/div>\t\t<\/div>\n\t\t\t\t<\/div>\n\t\t\t\t\t<\/div>\n\t\t<\/div>\n\t\t\t\t<div class=\"elementor-column elementor-col-66 elementor-top-column elementor-element elementor-element-78d4f281\" data-id=\"78d4f281\" data-element_type=\"column\">\n\t\t\t<div class=\"elementor-widget-wrap elementor-element-populated\">\n\t\t\t\t\t\t<div class=\"elementor-element elementor-element-34138dd5 elementor-widget elementor-widget-spacer\" data-id=\"34138dd5\" data-element_type=\"widget\" data-widget_type=\"spacer.default\">\n\t\t\t\t<div class=\"elementor-widget-container\">\n\t\t\t\t\t<div class=\"elementor-spacer\">\n\t\t\t<div class=\"elementor-spacer-inner\"><\/div>\n\t\t<\/div>\n\t\t\t\t<\/div>\n\t\t\t\t<\/div>\n\t\t\t\t<div class=\"elementor-element elementor-element-43027c7a elementor-widget elementor-widget-text-editor\" data-id=\"43027c7a\" data-element_type=\"widget\" data-widget_type=\"text-editor.default\">\n\t\t\t\t<div class=\"elementor-widget-container\">\n\t\t\t\t\t\t\t<h3>Forma\u00e7\u00e3o:<\/h3><p>Formado no curso de Letras: Tecnologia em Edi\u00e7\u00e3o pelo CEFET-MG;<\/p><h3>Foco de atua\u00e7\u00e3o:<\/h3><p>O foco de atua\u00e7\u00e3o em minha area de trabalho \u00e9 voltado para o trabalho com a lingu\u00edstica, produ\u00e7\u00e3o, edi\u00e7\u00e3o e publica\u00e7\u00e3o de textos e projetos editoriais (livros, revistas e jornais), designs editoriais e o trabalho em comunica\u00e7\u00e3o.<\/p><h3>Experi\u00eancia:<\/h3><p>Em minha carreira profissional atuei no Mercado Editorial (Editoras e Livrarias), no momento descobri uma nova vertente para minha carreira profissional no Marketing de Conte\u00fado e o Marketing Digital, atuando como Copywriter, Redator T\u00e9cnico e Revisor.<\/p><h3>O que te traz energia:<\/h3><p>O que me faz ter mais energia \u00e9 o desejo de atingir meus prop\u00f3sitos (ambi\u00e7\u00f5es) e meu desejos tanto no meu lado profissional e lado pessoal, ao mesmo tempo o desejo de poder entregar o meu melhor n\u00e3o apenas a mim mesmo, mas todos os que me rodeiam. Minha energia, provem desse desejo de crescimento e conhecimento de ser melhor.<br \/>Sou uma pessoa que gosta muito de leituras, seja sobre qualquer tema e tenho h\u00e1bitos de escrita, principalmente em meu tempo pessoal. Tamb\u00e9m, em momentos \u201clivres\u201d procuro me desenvolver em outras \u00e1reas, como um treino de autodesenvolvimento mental e f\u00edsico.<\/p>\t\t\t\t\t\t<\/div>\n\t\t\t\t<\/div>\n\t\t\t\t\t<\/div>\n\t\t<\/div>\n\t\t\t\t\t<\/div>\n\t\t<\/section>\n\t\t\t\t<\/div>\n\t\t","protected":false},"excerpt":{"rendered":"<p>Daniel Guimar\u00e3es HOME INSTITUCIONAL MISS\u00c3O PERGUNTE A DPS EQUIPE DPS ME AJUDE COM ME GUIE! MEU NEG\u00d3CIO MINHA VIDA MAIS BLOG AGENDAMENTO TESTES RECURSOS AVALIA\u00c7\u00d5ES X Daniel Guimar\u00e3es Empreendedor focado em Neg\u00f3cios Digital contact@teste.imagehost.com.br Forma\u00e7\u00e3o: Formado no curso de Letras: Tecnologia em Edi\u00e7\u00e3o pelo CEFET-MG; Foco de atua\u00e7\u00e3o: O foco de atua\u00e7\u00e3o em minha area [&hellip;]<\/p>\n","protected":false},"author":1,"featured_media":0,"parent":0,"menu_order":0,"comment_status":"closed","ping_status":"closed","template":"elementor_header_footer","meta":{"ocean_post_layout":"","ocean_both_sidebars_style":"","ocean_both_sidebars_content_width":0,"ocean_both_sidebars_sidebars_width":0,"ocean_sidebar":"0","ocean_second_sidebar":"0","ocean_disable_margins":"enable","ocean_add_body_class":"","ocean_shortcode_before_top_bar":"","ocean_shortcode_after_top_bar":"","ocean_shortcode_before_header":"","ocean_shortcode_after_header":"","ocean_has_shortcode":"","ocean_shortcode_after_title":"","ocean_shortcode_before_footer_widgets":"","ocean_shortcode_after_footer_widgets":"","ocean_shortcode_before_footer_bottom":"","ocean_shortcode_after_footer_bottom":"","ocean_display_top_bar":"default","ocean_display_header":"default","ocean_header_style":"","ocean_center_header_left_menu":"0","ocean_custom_header_template":"0","ocean_custom_logo":0,"ocean_custom_retina_logo":0,"ocean_custom_logo_max_width":0,"ocean_custom_logo_tablet_max_width":0,"ocean_custom_logo_mobile_max_width":0,"ocean_custom_logo_max_height":0,"ocean_custom_logo_tablet_max_height":0,"ocean_custom_logo_mobile_max_height":0,"ocean_header_custom_menu":"0","ocean_menu_typo_font_family":"0","ocean_menu_typo_font_subset":"","ocean_menu_typo_font_size":0,"ocean_menu_typo_font_size_tablet":0,"ocean_menu_typo_font_size_mobile":0,"ocean_menu_typo_font_size_unit":"px","ocean_menu_typo_font_weight":"","ocean_menu_typo_font_weight_tablet":"","ocean_menu_typo_font_weight_mobile":"","ocean_menu_typo_transform":"","ocean_menu_typo_transform_tablet":"","ocean_menu_typo_transform_mobile":"","ocean_menu_typo_line_height":0,"ocean_menu_typo_line_height_tablet":0,"ocean_menu_typo_line_height_mobile":0,"ocean_menu_typo_line_height_unit":"","ocean_menu_typo_spacing":0,"ocean_menu_typo_spacing_tablet":0,"ocean_menu_typo_spacing_mobile":0,"ocean_menu_typo_spacing_unit":"","ocean_menu_link_color":"","ocean_menu_link_color_hover":"","ocean_menu_link_color_active":"","ocean_menu_link_background":"","ocean_menu_link_hover_background":"","ocean_menu_link_active_background":"","ocean_menu_social_links_bg":"","ocean_menu_social_hover_links_bg":"","ocean_menu_social_links_color":"","ocean_menu_social_hover_links_color":"","ocean_disable_title":"default","ocean_disable_heading":"default","ocean_post_title":"","ocean_post_subheading":"","ocean_post_title_style":"","ocean_post_title_background_color":"","ocean_post_title_background":0,"ocean_post_title_bg_image_position":"","ocean_post_title_bg_image_attachment":"","ocean_post_title_bg_image_repeat":"","ocean_post_title_bg_image_size":"","ocean_post_title_height":0,"ocean_post_title_bg_overlay":0.5,"ocean_post_title_bg_overlay_color":"","ocean_disable_breadcrumbs":"default","ocean_breadcrumbs_color":"","ocean_breadcrumbs_separator_color":"","ocean_breadcrumbs_links_color":"","ocean_breadcrumbs_links_hover_color":"","ocean_display_footer_widgets":"default","ocean_display_footer_bottom":"default","ocean_custom_footer_template":"0","footnotes":""},"class_list":["post-6668","page","type-page","status-publish","hentry","entry"],"_links":{"self":[{"href":"https:\/\/teste.imagehost.com.br\/dps\/wp-json\/wp\/v2\/pages\/6668"}],"collection":[{"href":"https:\/\/teste.imagehost.com.br\/dps\/wp-json\/wp\/v2\/pages"}],"about":[{"href":"https:\/\/teste.imagehost.com.br\/dps\/wp-json\/wp\/v2\/types\/page"}],"author":[{"embeddable":true,"href":"https:\/\/teste.imagehost.com.br\/dps\/wp-json\/wp\/v2\/users\/1"}],"replies":[{"embeddable":true,"href":"https:\/\/teste.imagehost.com.br\/dps\/wp-json\/wp\/v2\/comments?post=6668"}],"version-history":[{"count":3,"href":"https:\/\/teste.imagehost.com.br\/dps\/wp-json\/wp\/v2\/pages\/6668\/revisions"}],"predecessor-version":[{"id":8076,"href":"https:\/\/teste.imagehost.com.br\/dps\/wp-json\/wp\/v2\/pages\/6668\/revisions\/8076"}],"wp:attachment":[{"href":"https:\/\/teste.imagehost.com.br\/dps\/wp-json\/wp\/v2\/media?parent=6668"}],"curies":[{"name":"wp","href":"https:\/\/api.w.org\/{rel}","templated":true}]}}