{"id":4322,"date":"2021-04-21T00:03:40","date_gmt":"2021-04-21T00:03:40","guid":{"rendered":"https:\/\/teste.imagehost.com.br\/dps\/?page_id=4322"},"modified":"2021-09-16T13:30:08","modified_gmt":"2021-09-16T11:30:08","slug":"recursos","status":"publish","type":"page","link":"https:\/\/teste.imagehost.com.br\/dps\/recursos\/","title":{"rendered":"Recursos"},"content":{"rendered":"\t\t<div data-elementor-type=\"wp-page\" data-elementor-id=\"4322\" class=\"elementor elementor-4322\">\n\t\t\t\t\t\t<section class=\"elementor-section elementor-top-section elementor-element elementor-element-7836b5da elementor-section-boxed elementor-section-height-default elementor-section-height-default\" data-id=\"7836b5da\" data-element_type=\"section\">\n\t\t\t\t\t\t<div class=\"elementor-container elementor-column-gap-default\">\n\t\t\t\t\t<div class=\"elementor-column elementor-col-100 elementor-top-column elementor-element elementor-element-397def46\" data-id=\"397def46\" data-element_type=\"column\">\n\t\t\t<div class=\"elementor-widget-wrap elementor-element-populated\">\n\t\t\t\t\t\t<section class=\"elementor-section elementor-inner-section elementor-element elementor-element-4054a0ae elementor-section-boxed elementor-section-height-default elementor-section-height-default\" data-id=\"4054a0ae\" data-element_type=\"section\">\n\t\t\t\t\t\t<div class=\"elementor-container elementor-column-gap-default\">\n\t\t\t\t\t<div class=\"elementor-column elementor-col-33 elementor-inner-column elementor-element elementor-element-31f19c44\" data-id=\"31f19c44\" data-element_type=\"column\">\n\t\t\t<div class=\"elementor-widget-wrap elementor-element-populated\">\n\t\t\t\t\t\t<div class=\"elementor-element elementor-element-1e20447a elementor-hidden-desktop elementor-hidden-phone elementor-widget elementor-widget-image\" data-id=\"1e20447a\" data-element_type=\"widget\" data-widget_type=\"image.default\">\n\t\t\t\t<div class=\"elementor-widget-container\">\n\t\t\t\t\t\t\t\t\t\t\t\t\t\t<a href=\"https:\/\/teste.imagehost.com.br\/dps\/\">\n\t\t\t\t\t\t\t<img decoding=\"async\" width=\"200\" height=\"80\" src=\"https:\/\/teste.imagehost.com.br\/dps\/wp-content\/uploads\/2021\/04\/logo-DPS-paginas-preto.png\" class=\"attachment-large size-large wp-image-3475\" alt=\"\" \/>\t\t\t\t\t\t\t\t<\/a>\n\t\t\t\t\t\t\t\t\t\t\t\t\t<\/div>\n\t\t\t\t<\/div>\n\t\t\t\t<div class=\"elementor-element elementor-element-39bc042f elementor-widget elementor-widget-spacer\" data-id=\"39bc042f\" data-element_type=\"widget\" data-widget_type=\"spacer.default\">\n\t\t\t\t<div class=\"elementor-widget-container\">\n\t\t\t\t\t<div class=\"elementor-spacer\">\n\t\t\t<div class=\"elementor-spacer-inner\"><\/div>\n\t\t<\/div>\n\t\t\t\t<\/div>\n\t\t\t\t<\/div>\n\t\t\t\t<div class=\"elementor-element elementor-element-188d9443 elementor-widget elementor-widget-heading\" data-id=\"188d9443\" data-element_type=\"widget\" data-widget_type=\"heading.default\">\n\t\t\t\t<div class=\"elementor-widget-container\">\n\t\t\t<h2 class=\"elementor-heading-title elementor-size-default\">Recursos<\/h2>\t\t<\/div>\n\t\t\t\t<\/div>\n\t\t\t\t<div class=\"elementor-element elementor-element-5e2ebaa7 elementor-widget elementor-widget-spacer\" data-id=\"5e2ebaa7\" data-element_type=\"widget\" data-widget_type=\"spacer.default\">\n\t\t\t\t<div class=\"elementor-widget-container\">\n\t\t\t\t\t<div class=\"elementor-spacer\">\n\t\t\t<div class=\"elementor-spacer-inner\"><\/div>\n\t\t<\/div>\n\t\t\t\t<\/div>\n\t\t\t\t<\/div>\n\t\t\t\t\t<\/div>\n\t\t<\/div>\n\t\t\t\t<div class=\"elementor-column elementor-col-33 elementor-inner-column elementor-element elementor-element-51652c73 elementor-hidden-tablet elementor-hidden-phone\" data-id=\"51652c73\" data-element_type=\"column\">\n\t\t\t<div class=\"elementor-widget-wrap elementor-element-populated\">\n\t\t\t\t\t\t<div class=\"elementor-element elementor-element-7fcc234f elementor-widget elementor-widget-spacer\" data-id=\"7fcc234f\" data-element_type=\"widget\" data-widget_type=\"spacer.default\">\n\t\t\t\t<div class=\"elementor-widget-container\">\n\t\t\t\t\t<div class=\"elementor-spacer\">\n\t\t\t<div class=\"elementor-spacer-inner\"><\/div>\n\t\t<\/div>\n\t\t\t\t<\/div>\n\t\t\t\t<\/div>\n\t\t\t\t<div class=\"elementor-element elementor-element-5654d65 elementor-widget elementor-widget-ekit-nav-menu\" data-id=\"5654d65\" data-element_type=\"widget\" data-widget_type=\"ekit-nav-menu.default\">\n\t\t\t\t<div class=\"elementor-widget-container\">\n\t\t\t<div class=\"ekit-wid-con ekit_menu_responsive_tablet\" data-hamburger-icon=\"\" data-hamburger-icon-type=\"icon\" data-responsive-breakpoint=\"1024\">            <button class=\"elementskit-menu-hamburger elementskit-menu-toggler\"  type=\"button\" aria-label=\"hamburger-icon\">\n                                    <span class=\"elementskit-menu-hamburger-icon\"><\/span><span class=\"elementskit-menu-hamburger-icon\"><\/span><span class=\"elementskit-menu-hamburger-icon\"><\/span>\n                            <\/button>\n            <div id=\"ekit-megamenu-dps-desktop\" class=\"elementskit-menu-container elementskit-menu-offcanvas-elements elementskit-navbar-nav-default ekit-nav-menu-one-page-no ekit-nav-dropdown-hover\"><ul id=\"menu-dps-desktop\" class=\"elementskit-navbar-nav elementskit-menu-po-center submenu-click-on-icon\"><li id=\"menu-item-3485\" class=\"menu-item menu-item-type-post_type menu-item-object-page menu-item-home menu-item-3485 nav-item elementskit-mobile-builder-content\" data-vertical-menu=750px><a href=\"https:\/\/teste.imagehost.com.br\/dps\/\" class=\"ekit-menu-nav-link\">HOME<\/a><\/li>\n<li id=\"menu-item-3493\" class=\"menu-item menu-item-type-custom menu-item-object-custom menu-item-has-children menu-item-3493 nav-item elementskit-dropdown-has relative_position elementskit-dropdown-menu-default_width elementskit-mobile-builder-content\" data-vertical-menu=750px><a class=\"ekit-menu-nav-link ekit-menu-dropdown-toggle\">INSTITUCIONAL<i aria-hidden=\"true\" class=\"icon icon-down-arrow1 elementskit-submenu-indicator\"><\/i><\/a>\n<ul class=\"elementskit-dropdown elementskit-submenu-panel\">\n\t<li id=\"menu-item-4350\" class=\"menu-item menu-item-type-post_type menu-item-object-page menu-item-4350 nav-item elementskit-mobile-builder-content\" data-vertical-menu=750px><a href=\"https:\/\/teste.imagehost.com.br\/dps\/missao\/\" class=\" dropdown-item\">MISS\u00c3O<\/a>\t<li id=\"menu-item-3488\" class=\"menu-item menu-item-type-post_type menu-item-object-page menu-item-3488 nav-item elementskit-mobile-builder-content\" data-vertical-menu=750px><a href=\"https:\/\/teste.imagehost.com.br\/dps\/pergunte-a-dps\/\" class=\" dropdown-item\">PERGUNTE A DPS<\/a>\t<li id=\"menu-item-6363\" class=\"menu-item menu-item-type-post_type menu-item-object-page menu-item-6363 nav-item elementskit-mobile-builder-content\" data-vertical-menu=750px><a href=\"https:\/\/teste.imagehost.com.br\/dps\/equipe-dps\/\" class=\" dropdown-item\">EQUIPE DPS<\/a><\/ul>\n<\/li>\n<li id=\"menu-item-3492\" class=\"menu-item menu-item-type-custom menu-item-object-custom menu-item-has-children menu-item-3492 nav-item elementskit-dropdown-has relative_position elementskit-dropdown-menu-default_width elementskit-mobile-builder-content\" data-vertical-menu=750px><a class=\"ekit-menu-nav-link ekit-menu-dropdown-toggle\">ME AJUDE COM<i aria-hidden=\"true\" class=\"icon icon-down-arrow1 elementskit-submenu-indicator\"><\/i><\/a>\n<ul class=\"elementskit-dropdown elementskit-submenu-panel\">\n\t<li id=\"menu-item-6271\" class=\"menu-item menu-item-type-post_type menu-item-object-page menu-item-6271 nav-item elementskit-mobile-builder-content\" data-vertical-menu=750px><a href=\"https:\/\/teste.imagehost.com.br\/dps\/bem-vindo-ao-localizador-de-solucoes\/\" class=\" dropdown-item\">ME GUIE!<\/a>\t<li id=\"menu-item-3491\" class=\"menu-item menu-item-type-post_type menu-item-object-page menu-item-3491 nav-item elementskit-mobile-builder-content\" data-vertical-menu=750px><a href=\"https:\/\/teste.imagehost.com.br\/dps\/meu-negocio\/\" class=\" dropdown-item\">MEU NEG\u00d3CIO<\/a>\t<li id=\"menu-item-5815\" class=\"menu-item menu-item-type-post_type menu-item-object-page menu-item-5815 nav-item elementskit-mobile-builder-content\" data-vertical-menu=750px><a href=\"https:\/\/teste.imagehost.com.br\/dps\/minha-vida\/\" class=\" dropdown-item\">MINHA VIDA<\/a><\/ul>\n<\/li>\n<li id=\"menu-item-3494\" class=\"menu-item menu-item-type-custom menu-item-object-custom menu-item-has-children menu-item-3494 nav-item elementskit-dropdown-has relative_position elementskit-dropdown-menu-default_width elementskit-mobile-builder-content\" data-vertical-menu=750px><a class=\"ekit-menu-nav-link ekit-menu-dropdown-toggle\">MAIS<i aria-hidden=\"true\" class=\"icon icon-down-arrow1 elementskit-submenu-indicator\"><\/i><\/a>\n<ul class=\"elementskit-dropdown elementskit-submenu-panel\">\n\t<li id=\"menu-item-6666\" class=\"menu-item menu-item-type-post_type menu-item-object-page menu-item-6666 nav-item elementskit-mobile-builder-content\" data-vertical-menu=750px><a href=\"https:\/\/teste.imagehost.com.br\/dps\/blog\/\" class=\" dropdown-item\">BLOG<\/a>\t<li id=\"menu-item-4176\" class=\"menu-item menu-item-type-post_type menu-item-object-page menu-item-4176 nav-item elementskit-mobile-builder-content\" data-vertical-menu=750px><a href=\"https:\/\/teste.imagehost.com.br\/dps\/agendamento\/\" class=\" dropdown-item\">AGENDAMENTO<\/a>\t<li id=\"menu-item-4457\" class=\"menu-item menu-item-type-post_type menu-item-object-page menu-item-4457 nav-item elementskit-mobile-builder-content\" data-vertical-menu=750px><a href=\"https:\/\/teste.imagehost.com.br\/dps\/quizz\/\" class=\" dropdown-item\">TESTES<\/a>\t<li id=\"menu-item-4334\" class=\"menu-item menu-item-type-post_type menu-item-object-page menu-item-4334 nav-item elementskit-mobile-builder-content\" data-vertical-menu=750px><a href=\"https:\/\/teste.imagehost.com.br\/dps\/recursos\/\" class=\" dropdown-item\">RECURSOS<\/a>\t<li id=\"menu-item-3486\" class=\"menu-item menu-item-type-post_type menu-item-object-page menu-item-3486 nav-item elementskit-mobile-builder-content\" data-vertical-menu=750px><a href=\"https:\/\/teste.imagehost.com.br\/dps\/avaliacoes\/\" class=\" dropdown-item\">AVALIA\u00c7\u00d5ES<\/a><\/ul>\n<\/li>\n<\/ul><div class=\"elementskit-nav-identity-panel\">\n\t\t\t\t<div class=\"elementskit-site-title\">\n\t\t\t\t\t<a class=\"elementskit-nav-logo\" href=\"https:\/\/teste.imagehost.com.br\/dps\" target=\"_self\" rel=\"\">\n\t\t\t\t\t\t<img decoding=\"async\" src=\"\" title=\"\" alt=\"\" \/>\n\t\t\t\t\t<\/a> \n\t\t\t\t<\/div><button class=\"elementskit-menu-close elementskit-menu-toggler\" type=\"button\">X<\/button><\/div><\/div>\t\t\t\n\t\t\t<div class=\"elementskit-menu-overlay elementskit-menu-offcanvas-elements elementskit-menu-toggler ekit-nav-menu--overlay\"><\/div><\/div>\t\t<\/div>\n\t\t\t\t<\/div>\n\t\t\t\t\t<\/div>\n\t\t<\/div>\n\t\t\t\t<div class=\"elementor-column elementor-col-33 elementor-inner-column elementor-element elementor-element-785e7b65\" data-id=\"785e7b65\" data-element_type=\"column\">\n\t\t\t<div class=\"elementor-widget-wrap elementor-element-populated\">\n\t\t\t\t\t\t<div class=\"elementor-element elementor-element-5d892b7c elementor-widget elementor-widget-spacer\" data-id=\"5d892b7c\" data-element_type=\"widget\" data-widget_type=\"spacer.default\">\n\t\t\t\t<div class=\"elementor-widget-container\">\n\t\t\t\t\t<div class=\"elementor-spacer\">\n\t\t\t<div class=\"elementor-spacer-inner\"><\/div>\n\t\t<\/div>\n\t\t\t\t<\/div>\n\t\t\t\t<\/div>\n\t\t\t\t<div class=\"elementor-element elementor-element-7eb85c6e elementor-widget elementor-widget-elementskit-social-media\" data-id=\"7eb85c6e\" data-element_type=\"widget\" data-widget_type=\"elementskit-social-media.default\">\n\t\t\t\t<div class=\"elementor-widget-container\">\n\t\t\t<div class=\"ekit-wid-con\" >\t\t\t <ul class=\"ekit_social_media\">\n\t\t\t\t\t\t\t\t\t\t\t\t\t\t<li class=\"elementor-repeater-item-a43a55f\">\n\t\t\t\t\t    <a\n\t\t\t\t\t\thref=\"https:\/\/www.facebook.com\/groups\/1196031477428645\/permalink\/1231016823930110\/\" aria-label=\"facebook\" class=\"f\" >\n\t\t\t\t\t\t\t\t\t\t\t\t\t\t\n\t\t\t\t\t\t\t<i aria-hidden=\"true\" class=\"fab fa-facebook-f\"><\/i>\t\t\t\t\t\t\t\t\t\n                                                                                                            <\/a>\n                    <\/li>\n                    \t\t\t\t\t\t\t\t\t\t\t\t\t\t<li class=\"elementor-repeater-item-fe28131\">\n\t\t\t\t\t    <a\n\t\t\t\t\t\thref=\"https:\/\/www.linkedin.com\/company\/dps-global-performance\" target=\"_blank\" aria-label=\"linkedin\" class=\"in\" >\n\t\t\t\t\t\t\t\t\t\t\t\t\t\t\n\t\t\t\t\t\t\t<i aria-hidden=\"true\" class=\"fab fa-linkedin-in\"><\/i>\t\t\t\t\t\t\t\t\t\n                                                                                                            <\/a>\n                    <\/li>\n                    \t\t\t\t\t\t\t\t\t\t\t\t\t\t<li class=\"elementor-repeater-item-265e56a\">\n\t\t\t\t\t    <a\n\t\t\t\t\t\thref=\"https:\/\/instagram.com\/dpslifebusiness\" target=\"_blank\" aria-label=\"Instagram\" class=\"instagram\" >\n\t\t\t\t\t\t\t\t\t\t\t\t\t\t\n\t\t\t\t\t\t\t<i aria-hidden=\"true\" class=\"fab fa-instagram\"><\/i>\t\t\t\t\t\t\t\t\t\n                                                                                                            <\/a>\n                    <\/li>\n                    \t\t\t\t\t\t\t<\/ul>\n\t\t<\/div>\t\t<\/div>\n\t\t\t\t<\/div>\n\t\t\t\t\t<\/div>\n\t\t<\/div>\n\t\t\t\t\t<\/div>\n\t\t<\/section>\n\t\t\t\t\t<\/div>\n\t\t<\/div>\n\t\t\t\t\t<\/div>\n\t\t<\/section>\n\t\t\t\t<section class=\"elementor-section elementor-top-section elementor-element elementor-element-5851cece elementor-section-boxed elementor-section-height-default elementor-section-height-default\" data-id=\"5851cece\" data-element_type=\"section\">\n\t\t\t\t\t\t<div class=\"elementor-container elementor-column-gap-default\">\n\t\t\t\t\t<div class=\"elementor-column elementor-col-100 elementor-top-column elementor-element elementor-element-68e9902a\" data-id=\"68e9902a\" data-element_type=\"column\">\n\t\t\t<div class=\"elementor-widget-wrap elementor-element-populated\">\n\t\t\t\t\t\t<div class=\"elementor-element elementor-element-7fa4b554 elementor-widget-divider--view-line elementor-widget elementor-widget-divider\" data-id=\"7fa4b554\" data-element_type=\"widget\" data-widget_type=\"divider.default\">\n\t\t\t\t<div class=\"elementor-widget-container\">\n\t\t\t\t\t<div class=\"elementor-divider\">\n\t\t\t<span class=\"elementor-divider-separator\">\n\t\t\t\t\t\t<\/span>\n\t\t<\/div>\n\t\t\t\t<\/div>\n\t\t\t\t<\/div>\n\t\t\t\t\t<\/div>\n\t\t<\/div>\n\t\t\t\t\t<\/div>\n\t\t<\/section>\n\t\t\t\t<section class=\"elementor-section elementor-top-section elementor-element elementor-element-123c578 elementor-section-boxed elementor-section-height-default elementor-section-height-default\" data-id=\"123c578\" data-element_type=\"section\">\n\t\t\t\t\t\t<div class=\"elementor-container elementor-column-gap-default\">\n\t\t\t\t\t<div class=\"elementor-column elementor-col-100 elementor-top-column elementor-element elementor-element-aa90ddc\" data-id=\"aa90ddc\" data-element_type=\"column\">\n\t\t\t<div class=\"elementor-widget-wrap elementor-element-populated\">\n\t\t\t\t\t\t<div class=\"elementor-element elementor-element-587b625 elementor-widget elementor-widget-heading\" data-id=\"587b625\" data-element_type=\"widget\" data-widget_type=\"heading.default\">\n\t\t\t\t<div class=\"elementor-widget-container\">\n\t\t\t<h2 class=\"elementor-heading-title elementor-size-default\">Baixe nossos documentos gratuitamente<\/h2>\t\t<\/div>\n\t\t\t\t<\/div>\n\t\t\t\t\t<\/div>\n\t\t<\/div>\n\t\t\t\t\t<\/div>\n\t\t<\/section>\n\t\t\t\t<section class=\"elementor-section elementor-top-section elementor-element elementor-element-cc87d48 elementor-section-boxed elementor-section-height-default elementor-section-height-default\" data-id=\"cc87d48\" data-element_type=\"section\">\n\t\t\t\t\t\t<div class=\"elementor-container elementor-column-gap-default\">\n\t\t\t\t\t<div class=\"elementor-column elementor-col-50 elementor-top-column elementor-element elementor-element-1730c6e\" data-id=\"1730c6e\" data-element_type=\"column\">\n\t\t\t<div class=\"elementor-widget-wrap elementor-element-populated\">\n\t\t\t\t\t\t<div class=\"elementor-element elementor-element-1689a08 ekit-equal-height-disable elementor-widget elementor-widget-elementskit-icon-box\" data-id=\"1689a08\" data-element_type=\"widget\" data-widget_type=\"elementskit-icon-box.default\">\n\t\t\t\t<div class=\"elementor-widget-container\">\n\t\t\t<div class=\"ekit-wid-con\" >        <!-- link opening -->\n                <!-- end link opening -->\n\n        <div class=\"elementskit-infobox text-center text- icon-top-align elementor-animation-   \">\n                            <div class=\"elementskit-box-header\">\n                <div class=\"elementskit-info-box-icon \">\n                    <img decoding=\"async\" width=\"200\" height=\"80\" src=\"https:\/\/teste.imagehost.com.br\/dps\/wp-content\/uploads\/2021\/06\/DPS-200px-home-preto-1.png\" class=\"attachment- size-\" alt=\"\" srcset=\"https:\/\/teste.imagehost.com.br\/dps\/wp-content\/uploads\/2021\/06\/DPS-200px-home-preto-1.png 200w, https:\/\/teste.imagehost.com.br\/dps\/wp-content\/uploads\/2021\/06\/DPS-200px-home-preto-1-24x10.png 24w, https:\/\/teste.imagehost.com.br\/dps\/wp-content\/uploads\/2021\/06\/DPS-200px-home-preto-1-36x14.png 36w, https:\/\/teste.imagehost.com.br\/dps\/wp-content\/uploads\/2021\/06\/DPS-200px-home-preto-1-48x19.png 48w\" sizes=\"(max-width: 200px) 100vw, 200px\" \/>                <\/div>\n          <\/div>\n                <div class=\"box-body\">\n                            <h3 class=\"elementskit-info-box-title\">\n                    External Communication                 <\/h3>\n                        \t\t  <p>Reunimos as pessoas certas para desafiar o pensamento estabelecido e impulsionar a transforma\u00e7\u00e3o em 2021. \n\n\n\n<\/p>\n                                        <div class=\"box-footer disable_hover_button\">\n                    <div class=\"btn-wraper\">\n                                                            <a href=\"https:\/\/teste.imagehost.com.br\/dps\/conteudo\/\" target=\"_self\" rel=\"\" class=\"elementskit-btn whitespace--normal elementor-animation-\">\n                                                                                Baixar PDF                                    <\/a>\n                                                        <\/div>\n                <\/div>\n                    <\/div>\n        \n        \n                    <div class=\"ekit-icon-box-badge ekit_position_top_left\">\n                <span class=\"ekit-badge\">COMUNICATION<\/span>\n            <\/div>\n                <\/div>\n        <\/div>\t\t<\/div>\n\t\t\t\t<\/div>\n\t\t\t\t\t<\/div>\n\t\t<\/div>\n\t\t\t\t<div class=\"elementor-column elementor-col-50 elementor-top-column elementor-element elementor-element-33e5b9d\" data-id=\"33e5b9d\" data-element_type=\"column\">\n\t\t\t<div class=\"elementor-widget-wrap elementor-element-populated\">\n\t\t\t\t\t\t<div class=\"elementor-element elementor-element-e2999a9 ekit-equal-height-disable elementor-widget elementor-widget-elementskit-icon-box\" data-id=\"e2999a9\" data-element_type=\"widget\" data-widget_type=\"elementskit-icon-box.default\">\n\t\t\t\t<div class=\"elementor-widget-container\">\n\t\t\t<div class=\"ekit-wid-con\" >        <!-- link opening -->\n                <!-- end link opening -->\n\n        <div class=\"elementskit-infobox text-center text- icon-top-align elementor-animation-   \">\n                            <div class=\"elementskit-box-header\">\n                <div class=\"elementskit-info-box-icon \">\n                    <img fetchpriority=\"high\" decoding=\"async\" width=\"2560\" height=\"1707\" src=\"https:\/\/teste.imagehost.com.br\/dps\/wp-content\/uploads\/2021\/09\/pexels-jeshootscom-714701-scaled.jpg\" class=\"attachment- size-\" alt=\"\" srcset=\"https:\/\/teste.imagehost.com.br\/dps\/wp-content\/uploads\/2021\/09\/pexels-jeshootscom-714701-scaled.jpg 2560w, https:\/\/teste.imagehost.com.br\/dps\/wp-content\/uploads\/2021\/09\/pexels-jeshootscom-714701-300x200.jpg 300w, https:\/\/teste.imagehost.com.br\/dps\/wp-content\/uploads\/2021\/09\/pexels-jeshootscom-714701-1024x683.jpg 1024w, https:\/\/teste.imagehost.com.br\/dps\/wp-content\/uploads\/2021\/09\/pexels-jeshootscom-714701-768x512.jpg 768w, https:\/\/teste.imagehost.com.br\/dps\/wp-content\/uploads\/2021\/09\/pexels-jeshootscom-714701-1536x1024.jpg 1536w, https:\/\/teste.imagehost.com.br\/dps\/wp-content\/uploads\/2021\/09\/pexels-jeshootscom-714701-2048x1365.jpg 2048w, https:\/\/teste.imagehost.com.br\/dps\/wp-content\/uploads\/2021\/09\/pexels-jeshootscom-714701-24x16.jpg 24w, https:\/\/teste.imagehost.com.br\/dps\/wp-content\/uploads\/2021\/09\/pexels-jeshootscom-714701-36x24.jpg 36w, https:\/\/teste.imagehost.com.br\/dps\/wp-content\/uploads\/2021\/09\/pexels-jeshootscom-714701-48x32.jpg 48w\" sizes=\"(max-width: 2560px) 100vw, 2560px\" \/>                <\/div>\n          <\/div>\n                <div class=\"box-body\">\n                            <h3 class=\"elementskit-info-box-title\">\n                    Gerenciamento de tempo                 <\/h3>\n                        \t\t  <p>Baixe este infogr\u00e1fico para acessar essas 5 dicas de gerenciamento de tempo para trabalhar melhor.\nGest\u00e3o de Tempo \u00e9 uma das melhores habilidades que se possa ter \u2013 tanto para vida profissional quanto para vida pessoal.\n<\/p>\n                                        <div class=\"box-footer disable_hover_button\">\n                    <div class=\"btn-wraper\">\n                                                            <a href=\"https:\/\/teste.imagehost.com.br\/dps\/conteudo\/\" target=\"_self\" rel=\"\" class=\"elementskit-btn whitespace--normal elementor-animation-\">\n                                                                                Baixar PDF                                    <\/a>\n                                                        <\/div>\n                <\/div>\n                    <\/div>\n        \n        \n                    <div class=\"ekit-icon-box-badge ekit_position_top_left\">\n                <span class=\"ekit-badge\">EXCLUSIVE<\/span>\n            <\/div>\n                <\/div>\n        <\/div>\t\t<\/div>\n\t\t\t\t<\/div>\n\t\t\t\t\t<\/div>\n\t\t<\/div>\n\t\t\t\t\t<\/div>\n\t\t<\/section>\n\t\t\t\t<section class=\"elementor-section elementor-top-section elementor-element elementor-element-8067224 elementor-section-boxed elementor-section-height-default elementor-section-height-default\" data-id=\"8067224\" data-element_type=\"section\">\n\t\t\t\t\t\t<div class=\"elementor-container elementor-column-gap-default\">\n\t\t\t\t\t<div class=\"elementor-column elementor-col-100 elementor-top-column elementor-element elementor-element-1f83cc8\" data-id=\"1f83cc8\" data-element_type=\"column\">\n\t\t\t<div class=\"elementor-widget-wrap\">\n\t\t\t\t\t\t\t<\/div>\n\t\t<\/div>\n\t\t\t\t\t<\/div>\n\t\t<\/section>\n\t\t\t\t<\/div>\n\t\t","protected":false},"excerpt":{"rendered":"<p>Recursos HOME INSTITUCIONAL MISS\u00c3O PERGUNTE A DPS EQUIPE DPS ME AJUDE COM ME GUIE! MEU NEG\u00d3CIO MINHA VIDA MAIS BLOG AGENDAMENTO TESTES RECURSOS AVALIA\u00c7\u00d5ES X Baixe nossos documentos gratuitamente External Communication Reunimos as pessoas certas para desafiar o pensamento estabelecido e impulsionar a transforma\u00e7\u00e3o em 2021. Baixar PDF COMUNICATION Gerenciamento de tempo Baixe este infogr\u00e1fico [&hellip;]<\/p>\n","protected":false},"author":1,"featured_media":0,"parent":0,"menu_order":0,"comment_status":"closed","ping_status":"closed","template":"elementor_header_footer","meta":{"ocean_post_layout":"","ocean_both_sidebars_style":"","ocean_both_sidebars_content_width":0,"ocean_both_sidebars_sidebars_width":0,"ocean_sidebar":"0","ocean_second_sidebar":"0","ocean_disable_margins":"enable","ocean_add_body_class":"","ocean_shortcode_before_top_bar":"","ocean_shortcode_after_top_bar":"","ocean_shortcode_before_header":"","ocean_shortcode_after_header":"","ocean_has_shortcode":"","ocean_shortcode_after_title":"","ocean_shortcode_before_footer_widgets":"","ocean_shortcode_after_footer_widgets":"","ocean_shortcode_before_footer_bottom":"","ocean_shortcode_after_footer_bottom":"","ocean_display_top_bar":"default","ocean_display_header":"default","ocean_header_style":"","ocean_center_header_left_menu":"0","ocean_custom_header_template":"0","ocean_custom_logo":0,"ocean_custom_retina_logo":0,"ocean_custom_logo_max_width":0,"ocean_custom_logo_tablet_max_width":0,"ocean_custom_logo_mobile_max_width":0,"ocean_custom_logo_max_height":0,"ocean_custom_logo_tablet_max_height":0,"ocean_custom_logo_mobile_max_height":0,"ocean_header_custom_menu":"0","ocean_menu_typo_font_family":"0","ocean_menu_typo_font_subset":"","ocean_menu_typo_font_size":0,"ocean_menu_typo_font_size_tablet":0,"ocean_menu_typo_font_size_mobile":0,"ocean_menu_typo_font_size_unit":"px","ocean_menu_typo_font_weight":"","ocean_menu_typo_font_weight_tablet":"","ocean_menu_typo_font_weight_mobile":"","ocean_menu_typo_transform":"","ocean_menu_typo_transform_tablet":"","ocean_menu_typo_transform_mobile":"","ocean_menu_typo_line_height":0,"ocean_menu_typo_line_height_tablet":0,"ocean_menu_typo_line_height_mobile":0,"ocean_menu_typo_line_height_unit":"","ocean_menu_typo_spacing":0,"ocean_menu_typo_spacing_tablet":0,"ocean_menu_typo_spacing_mobile":0,"ocean_menu_typo_spacing_unit":"","ocean_menu_link_color":"","ocean_menu_link_color_hover":"","ocean_menu_link_color_active":"","ocean_menu_link_background":"","ocean_menu_link_hover_background":"","ocean_menu_link_active_background":"","ocean_menu_social_links_bg":"","ocean_menu_social_hover_links_bg":"","ocean_menu_social_links_color":"","ocean_menu_social_hover_links_color":"","ocean_disable_title":"default","ocean_disable_heading":"default","ocean_post_title":"","ocean_post_subheading":"","ocean_post_title_style":"","ocean_post_title_background_color":"","ocean_post_title_background":0,"ocean_post_title_bg_image_position":"","ocean_post_title_bg_image_attachment":"","ocean_post_title_bg_image_repeat":"","ocean_post_title_bg_image_size":"","ocean_post_title_height":0,"ocean_post_title_bg_overlay":0.5,"ocean_post_title_bg_overlay_color":"","ocean_disable_breadcrumbs":"default","ocean_breadcrumbs_color":"","ocean_breadcrumbs_separator_color":"","ocean_breadcrumbs_links_color":"","ocean_breadcrumbs_links_hover_color":"","ocean_display_footer_widgets":"default","ocean_display_footer_bottom":"default","ocean_custom_footer_template":"0","footnotes":""},"class_list":["post-4322","page","type-page","status-publish","hentry","entry"],"_links":{"self":[{"href":"https:\/\/teste.imagehost.com.br\/dps\/wp-json\/wp\/v2\/pages\/4322"}],"collection":[{"href":"https:\/\/teste.imagehost.com.br\/dps\/wp-json\/wp\/v2\/pages"}],"about":[{"href":"https:\/\/teste.imagehost.com.br\/dps\/wp-json\/wp\/v2\/types\/page"}],"author":[{"embeddable":true,"href":"https:\/\/teste.imagehost.com.br\/dps\/wp-json\/wp\/v2\/users\/1"}],"replies":[{"embeddable":true,"href":"https:\/\/teste.imagehost.com.br\/dps\/wp-json\/wp\/v2\/comments?post=4322"}],"version-history":[{"count":34,"href":"https:\/\/teste.imagehost.com.br\/dps\/wp-json\/wp\/v2\/pages\/4322\/revisions"}],"predecessor-version":[{"id":8243,"href":"https:\/\/teste.imagehost.com.br\/dps\/wp-json\/wp\/v2\/pages\/4322\/revisions\/8243"}],"wp:attachment":[{"href":"https:\/\/teste.imagehost.com.br\/dps\/wp-json\/wp\/v2\/media?parent=4322"}],"curies":[{"name":"wp","href":"https:\/\/api.w.org\/{rel}","templated":true}]}}