{"id":3893,"date":"2021-04-17T17:24:31","date_gmt":"2021-04-17T17:24:31","guid":{"rendered":"https:\/\/teste.imagehost.com.br\/dps\/?page_id=3893"},"modified":"2021-07-14T00:22:05","modified_gmt":"2021-07-13T22:22:05","slug":"agendamento","status":"publish","type":"page","link":"https:\/\/teste.imagehost.com.br\/dps\/agendamento\/","title":{"rendered":"Agendamento"},"content":{"rendered":"\t\t<div data-elementor-type=\"wp-page\" data-elementor-id=\"3893\" class=\"elementor elementor-3893\">\n\t\t\t\t\t\t<section class=\"elementor-section elementor-top-section elementor-element elementor-element-4a41d6f3 elementor-section-boxed elementor-section-height-default elementor-section-height-default\" data-id=\"4a41d6f3\" data-element_type=\"section\">\n\t\t\t\t\t\t<div class=\"elementor-container elementor-column-gap-default\">\n\t\t\t\t\t<div class=\"elementor-column elementor-col-100 elementor-top-column elementor-element elementor-element-8d63fa\" data-id=\"8d63fa\" data-element_type=\"column\">\n\t\t\t<div class=\"elementor-widget-wrap elementor-element-populated\">\n\t\t\t\t\t\t<section class=\"elementor-section elementor-inner-section elementor-element elementor-element-75524bb8 elementor-section-boxed elementor-section-height-default elementor-section-height-default\" data-id=\"75524bb8\" data-element_type=\"section\">\n\t\t\t\t\t\t<div class=\"elementor-container elementor-column-gap-default\">\n\t\t\t\t\t<div class=\"elementor-column elementor-col-33 elementor-inner-column elementor-element elementor-element-201b5ef0\" data-id=\"201b5ef0\" data-element_type=\"column\">\n\t\t\t<div class=\"elementor-widget-wrap elementor-element-populated\">\n\t\t\t\t\t\t<div class=\"elementor-element elementor-element-53945716 elementor-hidden-desktop elementor-hidden-phone elementor-widget elementor-widget-image\" data-id=\"53945716\" data-element_type=\"widget\" data-widget_type=\"image.default\">\n\t\t\t\t<div class=\"elementor-widget-container\">\n\t\t\t\t\t\t\t\t\t\t\t\t\t\t<a href=\"https:\/\/teste.imagehost.com.br\/dps\/\">\n\t\t\t\t\t\t\t<img decoding=\"async\" src=\"https:\/\/teste.imagehost.com.br\/dps\/wp-content\/uploads\/2021\/06\/Logo-DPS-novo.png\" title=\"\" alt=\"\" loading=\"lazy\" \/>\t\t\t\t\t\t\t\t<\/a>\n\t\t\t\t\t\t\t\t\t\t\t\t\t<\/div>\n\t\t\t\t<\/div>\n\t\t\t\t<div class=\"elementor-element elementor-element-2eb6b165 elementor-widget elementor-widget-spacer\" data-id=\"2eb6b165\" data-element_type=\"widget\" data-widget_type=\"spacer.default\">\n\t\t\t\t<div class=\"elementor-widget-container\">\n\t\t\t\t\t<div class=\"elementor-spacer\">\n\t\t\t<div class=\"elementor-spacer-inner\"><\/div>\n\t\t<\/div>\n\t\t\t\t<\/div>\n\t\t\t\t<\/div>\n\t\t\t\t<div class=\"elementor-element elementor-element-c13186a elementor-widget elementor-widget-heading\" data-id=\"c13186a\" data-element_type=\"widget\" data-widget_type=\"heading.default\">\n\t\t\t\t<div class=\"elementor-widget-container\">\n\t\t\t<h2 class=\"elementor-heading-title elementor-size-default\">Agendamento<\/h2>\t\t<\/div>\n\t\t\t\t<\/div>\n\t\t\t\t<div class=\"elementor-element elementor-element-6b8afd81 elementor-widget elementor-widget-spacer\" data-id=\"6b8afd81\" data-element_type=\"widget\" data-widget_type=\"spacer.default\">\n\t\t\t\t<div class=\"elementor-widget-container\">\n\t\t\t\t\t<div class=\"elementor-spacer\">\n\t\t\t<div class=\"elementor-spacer-inner\"><\/div>\n\t\t<\/div>\n\t\t\t\t<\/div>\n\t\t\t\t<\/div>\n\t\t\t\t\t<\/div>\n\t\t<\/div>\n\t\t\t\t<div class=\"elementor-column elementor-col-33 elementor-inner-column elementor-element elementor-element-725f35e3 elementor-hidden-tablet elementor-hidden-phone\" data-id=\"725f35e3\" data-element_type=\"column\">\n\t\t\t<div class=\"elementor-widget-wrap elementor-element-populated\">\n\t\t\t\t\t\t<div class=\"elementor-element elementor-element-2b57dcb5 elementor-widget elementor-widget-spacer\" data-id=\"2b57dcb5\" data-element_type=\"widget\" data-widget_type=\"spacer.default\">\n\t\t\t\t<div class=\"elementor-widget-container\">\n\t\t\t\t\t<div class=\"elementor-spacer\">\n\t\t\t<div class=\"elementor-spacer-inner\"><\/div>\n\t\t<\/div>\n\t\t\t\t<\/div>\n\t\t\t\t<\/div>\n\t\t\t\t<div class=\"elementor-element elementor-element-4480896f elementor-widget elementor-widget-ekit-nav-menu\" data-id=\"4480896f\" data-element_type=\"widget\" data-widget_type=\"ekit-nav-menu.default\">\n\t\t\t\t<div class=\"elementor-widget-container\">\n\t\t\t<div class=\"ekit-wid-con ekit_menu_responsive_tablet\" data-hamburger-icon=\"\" data-hamburger-icon-type=\"icon\" data-responsive-breakpoint=\"1024\">            <button class=\"elementskit-menu-hamburger elementskit-menu-toggler\"  type=\"button\" aria-label=\"hamburger-icon\">\n                                    <span class=\"elementskit-menu-hamburger-icon\"><\/span><span class=\"elementskit-menu-hamburger-icon\"><\/span><span class=\"elementskit-menu-hamburger-icon\"><\/span>\n                            <\/button>\n            <div id=\"ekit-megamenu-dps-desktop\" class=\"elementskit-menu-container elementskit-menu-offcanvas-elements elementskit-navbar-nav-default ekit-nav-menu-one-page-no ekit-nav-dropdown-hover\"><ul id=\"menu-dps-desktop\" class=\"elementskit-navbar-nav elementskit-menu-po-center submenu-click-on-icon\"><li id=\"menu-item-3485\" class=\"menu-item menu-item-type-post_type menu-item-object-page menu-item-home menu-item-3485 nav-item elementskit-mobile-builder-content\" data-vertical-menu=750px><a href=\"https:\/\/teste.imagehost.com.br\/dps\/\" class=\"ekit-menu-nav-link\">HOME<\/a><\/li>\n<li id=\"menu-item-3493\" class=\"menu-item menu-item-type-custom menu-item-object-custom menu-item-has-children menu-item-3493 nav-item elementskit-dropdown-has relative_position elementskit-dropdown-menu-default_width elementskit-mobile-builder-content\" data-vertical-menu=750px><a class=\"ekit-menu-nav-link ekit-menu-dropdown-toggle\">INSTITUCIONAL<i aria-hidden=\"true\" class=\"icon icon-down-arrow1 elementskit-submenu-indicator\"><\/i><\/a>\n<ul class=\"elementskit-dropdown elementskit-submenu-panel\">\n\t<li id=\"menu-item-4350\" class=\"menu-item menu-item-type-post_type menu-item-object-page menu-item-4350 nav-item elementskit-mobile-builder-content\" data-vertical-menu=750px><a href=\"https:\/\/teste.imagehost.com.br\/dps\/missao\/\" class=\" dropdown-item\">MISS\u00c3O<\/a>\t<li id=\"menu-item-3488\" class=\"menu-item menu-item-type-post_type menu-item-object-page menu-item-3488 nav-item elementskit-mobile-builder-content\" data-vertical-menu=750px><a href=\"https:\/\/teste.imagehost.com.br\/dps\/pergunte-a-dps\/\" class=\" dropdown-item\">PERGUNTE A DPS<\/a>\t<li id=\"menu-item-6363\" class=\"menu-item menu-item-type-post_type menu-item-object-page menu-item-6363 nav-item elementskit-mobile-builder-content\" data-vertical-menu=750px><a href=\"https:\/\/teste.imagehost.com.br\/dps\/equipe-dps\/\" class=\" dropdown-item\">EQUIPE DPS<\/a><\/ul>\n<\/li>\n<li id=\"menu-item-3492\" class=\"menu-item menu-item-type-custom menu-item-object-custom menu-item-has-children menu-item-3492 nav-item elementskit-dropdown-has relative_position elementskit-dropdown-menu-default_width elementskit-mobile-builder-content\" data-vertical-menu=750px><a class=\"ekit-menu-nav-link ekit-menu-dropdown-toggle\">ME AJUDE COM<i aria-hidden=\"true\" class=\"icon icon-down-arrow1 elementskit-submenu-indicator\"><\/i><\/a>\n<ul class=\"elementskit-dropdown elementskit-submenu-panel\">\n\t<li id=\"menu-item-6271\" class=\"menu-item menu-item-type-post_type menu-item-object-page menu-item-6271 nav-item elementskit-mobile-builder-content\" data-vertical-menu=750px><a href=\"https:\/\/teste.imagehost.com.br\/dps\/bem-vindo-ao-localizador-de-solucoes\/\" class=\" dropdown-item\">ME GUIE!<\/a>\t<li id=\"menu-item-3491\" class=\"menu-item menu-item-type-post_type menu-item-object-page menu-item-3491 nav-item elementskit-mobile-builder-content\" data-vertical-menu=750px><a href=\"https:\/\/teste.imagehost.com.br\/dps\/meu-negocio\/\" class=\" dropdown-item\">MEU NEG\u00d3CIO<\/a>\t<li id=\"menu-item-5815\" class=\"menu-item menu-item-type-post_type menu-item-object-page menu-item-5815 nav-item elementskit-mobile-builder-content\" data-vertical-menu=750px><a href=\"https:\/\/teste.imagehost.com.br\/dps\/minha-vida\/\" class=\" dropdown-item\">MINHA VIDA<\/a><\/ul>\n<\/li>\n<li id=\"menu-item-3494\" class=\"menu-item menu-item-type-custom menu-item-object-custom menu-item-has-children menu-item-3494 nav-item elementskit-dropdown-has relative_position elementskit-dropdown-menu-default_width elementskit-mobile-builder-content\" data-vertical-menu=750px><a class=\"ekit-menu-nav-link ekit-menu-dropdown-toggle\">MAIS<i aria-hidden=\"true\" class=\"icon icon-down-arrow1 elementskit-submenu-indicator\"><\/i><\/a>\n<ul class=\"elementskit-dropdown elementskit-submenu-panel\">\n\t<li id=\"menu-item-6666\" class=\"menu-item menu-item-type-post_type menu-item-object-page menu-item-6666 nav-item elementskit-mobile-builder-content\" data-vertical-menu=750px><a href=\"https:\/\/teste.imagehost.com.br\/dps\/blog\/\" class=\" dropdown-item\">BLOG<\/a>\t<li id=\"menu-item-4176\" class=\"menu-item menu-item-type-post_type menu-item-object-page menu-item-4176 nav-item elementskit-mobile-builder-content\" data-vertical-menu=750px><a href=\"https:\/\/teste.imagehost.com.br\/dps\/agendamento\/\" class=\" dropdown-item\">AGENDAMENTO<\/a>\t<li id=\"menu-item-4457\" class=\"menu-item menu-item-type-post_type menu-item-object-page menu-item-4457 nav-item elementskit-mobile-builder-content\" data-vertical-menu=750px><a href=\"https:\/\/teste.imagehost.com.br\/dps\/quizz\/\" class=\" dropdown-item\">TESTES<\/a>\t<li id=\"menu-item-4334\" class=\"menu-item menu-item-type-post_type menu-item-object-page menu-item-4334 nav-item elementskit-mobile-builder-content\" data-vertical-menu=750px><a href=\"https:\/\/teste.imagehost.com.br\/dps\/recursos\/\" class=\" dropdown-item\">RECURSOS<\/a>\t<li id=\"menu-item-3486\" class=\"menu-item menu-item-type-post_type menu-item-object-page menu-item-3486 nav-item elementskit-mobile-builder-content\" data-vertical-menu=750px><a href=\"https:\/\/teste.imagehost.com.br\/dps\/avaliacoes\/\" class=\" dropdown-item\">AVALIA\u00c7\u00d5ES<\/a><\/ul>\n<\/li>\n<\/ul><div class=\"elementskit-nav-identity-panel\">\n\t\t\t\t<div class=\"elementskit-site-title\">\n\t\t\t\t\t<a class=\"elementskit-nav-logo\" href=\"https:\/\/teste.imagehost.com.br\/dps\" target=\"_self\" rel=\"\">\n\t\t\t\t\t\t<img decoding=\"async\" src=\"\" title=\"\" alt=\"\" \/>\n\t\t\t\t\t<\/a> \n\t\t\t\t<\/div><button class=\"elementskit-menu-close elementskit-menu-toggler\" type=\"button\">X<\/button><\/div><\/div>\t\t\t\n\t\t\t<div class=\"elementskit-menu-overlay elementskit-menu-offcanvas-elements elementskit-menu-toggler ekit-nav-menu--overlay\"><\/div><\/div>\t\t<\/div>\n\t\t\t\t<\/div>\n\t\t\t\t\t<\/div>\n\t\t<\/div>\n\t\t\t\t<div class=\"elementor-column elementor-col-33 elementor-inner-column elementor-element elementor-element-1e0cab87\" data-id=\"1e0cab87\" data-element_type=\"column\">\n\t\t\t<div class=\"elementor-widget-wrap elementor-element-populated\">\n\t\t\t\t\t\t<div class=\"elementor-element elementor-element-2afc117b elementor-widget elementor-widget-spacer\" data-id=\"2afc117b\" data-element_type=\"widget\" data-widget_type=\"spacer.default\">\n\t\t\t\t<div class=\"elementor-widget-container\">\n\t\t\t\t\t<div class=\"elementor-spacer\">\n\t\t\t<div class=\"elementor-spacer-inner\"><\/div>\n\t\t<\/div>\n\t\t\t\t<\/div>\n\t\t\t\t<\/div>\n\t\t\t\t<div class=\"elementor-element elementor-element-1dc9dec5 elementor-widget elementor-widget-elementskit-social-media\" data-id=\"1dc9dec5\" data-element_type=\"widget\" data-widget_type=\"elementskit-social-media.default\">\n\t\t\t\t<div class=\"elementor-widget-container\">\n\t\t\t<div class=\"ekit-wid-con\" >\t\t\t <ul class=\"ekit_social_media\">\n\t\t\t\t\t\t\t\t\t\t\t\t\t\t<li class=\"elementor-repeater-item-a43a55f\">\n\t\t\t\t\t    <a\n\t\t\t\t\t\thref=\"https:\/\/www.facebook.com\/groups\/1196031477428645\/permalink\/1231016823930110\/\" aria-label=\"facebook\" class=\"f\" >\n\t\t\t\t\t\t\t\t\t\t\t\t\t\t\n\t\t\t\t\t\t\t<i aria-hidden=\"true\" class=\"fab fa-facebook-f\"><\/i>\t\t\t\t\t\t\t\t\t\n                                                                                                            <\/a>\n                    <\/li>\n                    \t\t\t\t\t\t\t\t\t\t\t\t\t\t<li class=\"elementor-repeater-item-fe28131\">\n\t\t\t\t\t    <a\n\t\t\t\t\t\thref=\"https:\/\/www.linkedin.com\/company\/dps-global-performance\" target=\"_blank\" aria-label=\"youtube\" class=\"in\" >\n\t\t\t\t\t\t\t\t\t\t\t\t\t\t\n\t\t\t\t\t\t\t<i aria-hidden=\"true\" class=\"fab fa-linkedin-in\"><\/i>\t\t\t\t\t\t\t\t\t\n                                                                                                            <\/a>\n                    <\/li>\n                    \t\t\t\t\t\t\t\t\t\t\t\t\t\t<li class=\"elementor-repeater-item-265e56a\">\n\t\t\t\t\t    <a\n\t\t\t\t\t\thref=\"https:\/\/instagram.com\/dpslifebusiness\" target=\"_blank\" aria-label=\"Instagram\" class=\"instagram\" >\n\t\t\t\t\t\t\t\t\t\t\t\t\t\t\n\t\t\t\t\t\t\t<i aria-hidden=\"true\" class=\"fab fa-instagram\"><\/i>\t\t\t\t\t\t\t\t\t\n                                                                                                            <\/a>\n                    <\/li>\n                    \t\t\t\t\t\t\t<\/ul>\n\t\t<\/div>\t\t<\/div>\n\t\t\t\t<\/div>\n\t\t\t\t\t<\/div>\n\t\t<\/div>\n\t\t\t\t\t<\/div>\n\t\t<\/section>\n\t\t\t\t\t<\/div>\n\t\t<\/div>\n\t\t\t\t\t<\/div>\n\t\t<\/section>\n\t\t\t\t<section class=\"elementor-section elementor-top-section elementor-element elementor-element-4e720e71 elementor-section-boxed elementor-section-height-default elementor-section-height-default\" data-id=\"4e720e71\" data-element_type=\"section\">\n\t\t\t\t\t\t<div class=\"elementor-container elementor-column-gap-default\">\n\t\t\t\t\t<div class=\"elementor-column elementor-col-100 elementor-top-column elementor-element elementor-element-7935666b\" data-id=\"7935666b\" data-element_type=\"column\">\n\t\t\t<div class=\"elementor-widget-wrap elementor-element-populated\">\n\t\t\t\t\t\t<div class=\"elementor-element elementor-element-7505481f elementor-widget-divider--view-line elementor-widget elementor-widget-divider\" data-id=\"7505481f\" data-element_type=\"widget\" data-widget_type=\"divider.default\">\n\t\t\t\t<div class=\"elementor-widget-container\">\n\t\t\t\t\t<div class=\"elementor-divider\">\n\t\t\t<span class=\"elementor-divider-separator\">\n\t\t\t\t\t\t<\/span>\n\t\t<\/div>\n\t\t\t\t<\/div>\n\t\t\t\t<\/div>\n\t\t\t\t\t<\/div>\n\t\t<\/div>\n\t\t\t\t\t<\/div>\n\t\t<\/section>\n\t\t\t\t<section class=\"elementor-section elementor-top-section elementor-element elementor-element-bd1ae12 elementor-section-boxed elementor-section-height-default elementor-section-height-default\" data-id=\"bd1ae12\" data-element_type=\"section\">\n\t\t\t\t\t\t<div class=\"elementor-container elementor-column-gap-default\">\n\t\t\t\t\t<div class=\"elementor-column elementor-col-100 elementor-top-column elementor-element elementor-element-57674b5\" data-id=\"57674b5\" data-element_type=\"column\">\n\t\t\t<div class=\"elementor-widget-wrap elementor-element-populated\">\n\t\t\t\t\t\t<div class=\"elementor-element elementor-element-bdce1aa elementor-widget elementor-widget-spacer\" data-id=\"bdce1aa\" data-element_type=\"widget\" data-widget_type=\"spacer.default\">\n\t\t\t\t<div class=\"elementor-widget-container\">\n\t\t\t\t\t<div class=\"elementor-spacer\">\n\t\t\t<div class=\"elementor-spacer-inner\"><\/div>\n\t\t<\/div>\n\t\t\t\t<\/div>\n\t\t\t\t<\/div>\n\t\t\t\t<div class=\"elementor-element elementor-element-b59d14c elementor-widget elementor-widget-text-editor\" data-id=\"b59d14c\" data-element_type=\"widget\" data-widget_type=\"text-editor.default\">\n\t\t\t\t<div class=\"elementor-widget-container\">\n\t\t\t\t\t\t\t<p><!--\nPlugin Name: Bookly \u2013 Responsive WordPress Appointment Booking and Scheduling Plugin\nPlugin URI: https:\/\/www.booking-wp-plugin.com\/?utm_source=bookly_admin&utm_medium=plugins_page&utm_campaign=plugins_page\nVersion: 23.7-->\n    <style type=\"text\/css\">\n        :root {\n            --bookly-main-color: #00c7de !important;\n        }\n\n        .bookly-form .fill-bookly {\n            fill: #00c7de;\n        }\n\n        \/* Color *\/\n        .bookly-form .bookly-form-group > label,\n        .bookly-form .bookly-label-error,\n        .bookly-form .bookly-progress-tracker > .active,\n        .bookly-form .bookly-columnizer .bookly-hour span.bookly-waiting-list,\n        .bookly-form .hover\\:text-bookly:hover,\n        .bookly-form .text-bookly:not(:hover),\n        .bookly-form .hover\\:text-bookly:hover {\n            color: #00c7de !important;\n        }\n\n        \/* Background *\/\n        .bookly-form .bookly-progress-tracker > .active .step,\n        .bookly-form .bookly-columnizer .bookly-hour:active .bookly-hour-icon span,\n        .bookly-form .bookly-btn,\n        .bookly-form .bookly-btn:active,\n        .bookly-form .bookly-btn:focus,\n        .bookly-form .bookly-btn:hover,\n        .bookly-form .bookly-btn-submit,\n        .bookly-form .bookly-round,\n        .bookly-form .bookly-square,\n        .bookly-form .bookly-pagination > li.active,\n        .bookly-form .bg-bookly,\n        .bookly-form .hover\\:bg-bookly:hover,\n        .bookly-form .bg-bookly-not-hover:not(:hover) {\n            background-color: #00c7de !important;\n        }\n\n        .bookly-form .bookly-triangle {\n            border-bottom-color: #00c7de !important;\n        }\n\n        \/* Border *\/\n        .bookly-form input[type=\"text\"].bookly-error,\n        .bookly-form input[type=\"password\"].bookly-error,\n        .bookly-form select.bookly-error,\n        .bookly-form textarea.bookly-error,\n        .bookly-form .bookly-week-days.bookly-error,\n        .bookly-extra-step div.bookly-extras-thumb.bookly-extras-selected {\n            border: 2px solid #00c7de !important;\n        }\n\n        \/* Other *\/\n        .bookly-form .bookly-columnizer .bookly-day, .bookly-form .bookly-schedule-date {\n            background: #00c7de !important;\n            border: 1px solid #00c7de !important;\n        }\n\n        .bookly-form .bookly-pagination > li.active a {\n            border: 1px solid #00c7de !important;\n        }\n\n        .bookly-form .bookly-columnizer .bookly-hour:active {\n            border: 2px solid #00c7de !important;\n            color: #00c7de !important;\n        }\n\n        .bookly-form .bookly-columnizer .bookly-hour:active .bookly-hour-icon {\n            background: none;\n            border: 2px solid #00c7de !important;\n            color: #00c7de !important;\n            width: auto;\n            height: auto;\n            padding: 3px;\n            border-radius: 25px;\n            margin-right: 3px;\n        }\n\n        .bookly-form .bookly-columnizer .bookly-hour:active .bookly-hour-icon span {\n            background-color: #00c7de !important;\n            width: 8px;\n            height: 8px;\n            border-radius: 10px;\n            display: block;\n        }\n\n        @media (hover) {\n            .bookly-form .bookly-columnizer .bookly-hour:hover {\n                border: 2px solid #00c7de !important;\n                color: #00c7de !important;\n            }\n\n            .bookly-form .bookly-columnizer .bookly-hour:hover .bookly-hour-icon {\n                background: none;\n                border: 2px solid #00c7de !important;\n                color: #00c7de !important;\n            }\n\n            .bookly-form .bookly-columnizer .bookly-hour:hover .bookly-hour-icon span {\n                background-color: #00c7de !important;\n            }\n        }\n    <\/style>\n\n<div id=\"bookly-form-69fc6176bdcc5\" class=\"bookly-form bookly-tailwind-container\" data-form_id=\"69fc6176bdcc5\" aria-live=\"polite\">\n    <div style=\"text-align: center\"><img decoding=\"async\" src=\"https:\/\/teste.imagehost.com.br\/dps\/wp-includes\/js\/tinymce\/skins\/lightgray\/img\/loader.gif\" alt=\"Carregando...\"\/><\/div>\n<\/div>\n<script type=\"text\/javascript\">\n    (function (win, fn) {\n        var done = false, top = true,\n            doc = win.document,\n            root = doc.documentElement,\n            modern = doc.addEventListener,\n            add = modern ? 'addEventListener' : 'attachEvent',\n            rem = modern ? 'removeEventListener' : 'detachEvent',\n            pre = modern ? '' : 'on',\n            init = function (e) {\n                if (e.type == 'readystatechange') if (doc.readyState != 'complete') return;\n                (e.type == 'load' ? win : doc)[rem](pre + e.type, init, false);\n                if (!done) {\n                    done = true;\n                    fn.call(win, e.type || e);\n                }\n            },\n            poll = function () {\n                try {\n                    root.doScroll('left');\n                } catch (e) {\n                    setTimeout(poll, 50);\n                    return;\n                }\n                init('poll');\n            };\n        if (doc.readyState == 'complete') fn.call(win, 'lazy');\n        else {\n            if (!modern) if (root.doScroll) {\n                try {\n                    top = !win.frameElement;\n                } catch (e) {\n                }\n                if (top) poll();\n            }\n            doc[add](pre + 'DOMContentLoaded', init, false);\n            doc[add](pre + 'readystatechange', init, false);\n            win[add](pre + 'load', init, false);\n        }\n    })(window, function () {\n        window.bookly( {\"form_id\":\"69fc6176bdcc5\",\"status\":{\"booking\":\"new\"},\"skip_steps\":{\"service_part1\":0,\"service_part2\":0,\"extras\":1,\"time\":0,\"repeat\":1,\"cart\":1},\"errors\":{\"session_error\":\"Erro de sess\\u00e3o.\",\"form_id_error\":\"Erro de ID do formul\\u00e1rio\",\"cart_item_not_available\":\"A hora selecionada j\\u00e1 n\\u00e3o se encontra dispon\\u00edvel. Por favor escolha um outro intervalo.\",\"pay_locally_not_available\":\"Pagar localmente n\\u00e3o est\\u00e1 dispon\\u00edvel.\",\"invalid_gateway\":\"Gateway inv\\u00e1lido\",\"payment_error\":\"Erro.\",\"incorrect_username_password\":\"Nome de usu\\u00e1rio ou senha incorretos.\"},\"form_attributes\":{\"hide_categories\":false,\"hide_services\":false,\"hide_staff_members\":false,\"show_number_of_persons\":false,\"hide_service_duration\":true,\"hide_locations\":true,\"hide_quantity\":true,\"hide_date\":false,\"hide_week_days\":false,\"hide_time_range\":false},\"use_client_time_zone\":0,\"defaults\":{\"service_id\":0,\"staff_id\":0,\"location_id\":0,\"category_id\":0},\"datepicker_mode\":\"text-accent\"} );\n    });\n<\/script><\/p>\t\t\t\t\t\t<\/div>\n\t\t\t\t<\/div>\n\t\t\t\t\t<\/div>\n\t\t<\/div>\n\t\t\t\t\t<\/div>\n\t\t<\/section>\n\t\t\t\t<\/div>\n\t\t","protected":false},"excerpt":{"rendered":"<p>Agendamento HOME INSTITUCIONAL MISS\u00c3O PERGUNTE A DPS EQUIPE DPS ME AJUDE COM ME GUIE! MEU NEG\u00d3CIO MINHA VIDA MAIS BLOG AGENDAMENTO TESTES RECURSOS AVALIA\u00c7\u00d5ES X<\/p>\n","protected":false},"author":1,"featured_media":0,"parent":0,"menu_order":0,"comment_status":"closed","ping_status":"closed","template":"elementor_header_footer","meta":{"ocean_post_layout":"","ocean_both_sidebars_style":"","ocean_both_sidebars_content_width":0,"ocean_both_sidebars_sidebars_width":0,"ocean_sidebar":"0","ocean_second_sidebar":"0","ocean_disable_margins":"enable","ocean_add_body_class":"","ocean_shortcode_before_top_bar":"","ocean_shortcode_after_top_bar":"","ocean_shortcode_before_header":"","ocean_shortcode_after_header":"","ocean_has_shortcode":"","ocean_shortcode_after_title":"","ocean_shortcode_before_footer_widgets":"","ocean_shortcode_after_footer_widgets":"","ocean_shortcode_before_footer_bottom":"","ocean_shortcode_after_footer_bottom":"","ocean_display_top_bar":"default","ocean_display_header":"default","ocean_header_style":"","ocean_center_header_left_menu":"0","ocean_custom_header_template":"0","ocean_custom_logo":0,"ocean_custom_retina_logo":0,"ocean_custom_logo_max_width":0,"ocean_custom_logo_tablet_max_width":0,"ocean_custom_logo_mobile_max_width":0,"ocean_custom_logo_max_height":0,"ocean_custom_logo_tablet_max_height":0,"ocean_custom_logo_mobile_max_height":0,"ocean_header_custom_menu":"0","ocean_menu_typo_font_family":"0","ocean_menu_typo_font_subset":"","ocean_menu_typo_font_size":0,"ocean_menu_typo_font_size_tablet":0,"ocean_menu_typo_font_size_mobile":0,"ocean_menu_typo_font_size_unit":"px","ocean_menu_typo_font_weight":"","ocean_menu_typo_font_weight_tablet":"","ocean_menu_typo_font_weight_mobile":"","ocean_menu_typo_transform":"","ocean_menu_typo_transform_tablet":"","ocean_menu_typo_transform_mobile":"","ocean_menu_typo_line_height":0,"ocean_menu_typo_line_height_tablet":0,"ocean_menu_typo_line_height_mobile":0,"ocean_menu_typo_line_height_unit":"","ocean_menu_typo_spacing":0,"ocean_menu_typo_spacing_tablet":0,"ocean_menu_typo_spacing_mobile":0,"ocean_menu_typo_spacing_unit":"","ocean_menu_link_color":"","ocean_menu_link_color_hover":"","ocean_menu_link_color_active":"","ocean_menu_link_background":"","ocean_menu_link_hover_background":"","ocean_menu_link_active_background":"","ocean_menu_social_links_bg":"","ocean_menu_social_hover_links_bg":"","ocean_menu_social_links_color":"","ocean_menu_social_hover_links_color":"","ocean_disable_title":"default","ocean_disable_heading":"default","ocean_post_title":"","ocean_post_subheading":"","ocean_post_title_style":"","ocean_post_title_background_color":"","ocean_post_title_background":0,"ocean_post_title_bg_image_position":"","ocean_post_title_bg_image_attachment":"","ocean_post_title_bg_image_repeat":"","ocean_post_title_bg_image_size":"","ocean_post_title_height":0,"ocean_post_title_bg_overlay":0.5,"ocean_post_title_bg_overlay_color":"","ocean_disable_breadcrumbs":"default","ocean_breadcrumbs_color":"","ocean_breadcrumbs_separator_color":"","ocean_breadcrumbs_links_color":"","ocean_breadcrumbs_links_hover_color":"","ocean_display_footer_widgets":"default","ocean_display_footer_bottom":"default","ocean_custom_footer_template":"0","footnotes":""},"class_list":["post-3893","page","type-page","status-publish","hentry","entry"],"_links":{"self":[{"href":"https:\/\/teste.imagehost.com.br\/dps\/wp-json\/wp\/v2\/pages\/3893"}],"collection":[{"href":"https:\/\/teste.imagehost.com.br\/dps\/wp-json\/wp\/v2\/pages"}],"about":[{"href":"https:\/\/teste.imagehost.com.br\/dps\/wp-json\/wp\/v2\/types\/page"}],"author":[{"embeddable":true,"href":"https:\/\/teste.imagehost.com.br\/dps\/wp-json\/wp\/v2\/users\/1"}],"replies":[{"embeddable":true,"href":"https:\/\/teste.imagehost.com.br\/dps\/wp-json\/wp\/v2\/comments?post=3893"}],"version-history":[{"count":6,"href":"https:\/\/teste.imagehost.com.br\/dps\/wp-json\/wp\/v2\/pages\/3893\/revisions"}],"predecessor-version":[{"id":8043,"href":"https:\/\/teste.imagehost.com.br\/dps\/wp-json\/wp\/v2\/pages\/3893\/revisions\/8043"}],"wp:attachment":[{"href":"https:\/\/teste.imagehost.com.br\/dps\/wp-json\/wp\/v2\/media?parent=3893"}],"curies":[{"name":"wp","href":"https:\/\/api.w.org\/{rel}","templated":true}]}}